{"id":242,"date":"2025-11-28T16:43:49","date_gmt":"2025-11-28T21:43:49","guid":{"rendered":"https:\/\/wattswaterben1.wpenginepowered.com\/?page_id=242"},"modified":"2025-12-27T23:16:56","modified_gmt":"2025-12-28T04:16:56","slug":"beneficio-para-la-construccion-de-una-familia-a-traves-de-progyny","status":"publish","type":"page","link":"https:\/\/tapintowattsbenefits.com\/es\/mi-bienestar\/beneficio-para-la-construccion-de-una-familia-a-traves-de-progyny\/","title":{"rendered":"Beneficio para la formaci\u00f3n de familias a trav\u00e9s de Progyny"},"content":{"rendered":"<p>[et_pb_section fb_built=&#8221;1&#8243; _builder_version=&#8221;4.27.4&#8243; _module_preset=&#8221;1511c967-b375-44e6-b9b6-80422cc9cbfe&#8221; global_colors_info=&#8221;{}&#8221; hover_enabled=&#8221;0&#8243; sticky_enabled=&#8221;0&#8243;][et_pb_row column_structure=&#8221;3_4,1_4&#8243; _builder_version=&#8221;4.27.4&#8243; _module_preset=&#8221;735231b7-4de2-4305-b67a-8f2ea216707f&#8221; global_colors_info=&#8221;{}&#8221;][et_pb_column type=&#8221;3_4&#8243; _builder_version=&#8221;4.27.4&#8243; _module_preset=&#8221;default&#8221; global_colors_info=&#8221;{}&#8221; custom_css_main_element_last_edited=&#8221;on|tablet&#8221; custom_css_main_element_tablet=&#8221;width: 70% !important;&#8221; custom_css_main_element_phone=&#8221;width: 100%;&#8221;][et_pb_text _builder_version=&#8221;4.27.4&#8243; _module_preset=&#8221;801a9934-9d9d-41e3-8b26-dc3a3a90b7d0&#8243; custom_margin_tablet=&#8221;||0px||false|false&#8221; custom_margin_phone=&#8221;||0px||false|false&#8221; custom_margin_last_edited=&#8221;on|phone&#8221; custom_padding_tablet=&#8221;||0px||false|false&#8221; custom_padding_phone=&#8221;||0px||false|false&#8221; custom_padding_last_edited=&#8221;on|tablet&#8221; global_colors_info=&#8221;{}&#8221;]<\/p>\n<h1>Beneficios para la salud de la mujer y la formaci\u00f3n de una familia<\/h1>\n<p>Como parte de nuestro compromiso con las familias de nuestros empleados, ofrecemos programas a trav\u00e9s de Progyny para ayudarte a formar y criar a tu familia. Tambi\u00e9n hay programas para apoyar la salud de las mujeres durante y despu\u00e9s del embarazo y la menopausia.<\/p>\n<div class=\"quad-border-landing\">\n<div class=\"dk-blue-border\"><\/div>\n<div class=\"orange2-border\"><\/div>\n<div class=\"lt-blue-border\"><\/div>\n<div class=\"green2-border\"><\/div>\n<\/div>\n<p>[\/et_pb_text][\/et_pb_column][et_pb_column type=&#8221;1_4&#8243; _builder_version=&#8221;4.27.4&#8243; _module_preset=&#8221;default&#8221; global_colors_info=&#8221;{}&#8221; custom_css_main_element_last_edited=&#8221;on|tablet&#8221; custom_css_main_element_tablet=&#8221;width: 28% !important;&#8221; custom_css_main_element_phone=&#8221;display: none;&#8221;][et_pb_image src=&#8221;https:\/\/tapintowattsbenefits.com\/wp-content\/uploads\/2025\/12\/progeny-bubble.png&#8221; disabled_on=&#8221;on|off|off&#8221; _builder_version=&#8221;4.27.4&#8243; _module_preset=&#8221;default&#8221; width_tablet=&#8221;70%&#8221; width_phone=&#8221;70%&#8221; width_last_edited=&#8221;on|tablet&#8221; module_alignment=&#8221;right&#8221; custom_margin_tablet=&#8221;|||0px|false|false&#8221; custom_margin_phone=&#8221;|||0px|false|false&#8221; custom_margin_last_edited=&#8221;on|tablet&#8221; custom_padding_tablet=&#8221;|||0px|false|false&#8221; custom_padding_phone=&#8221;|||0px|false|false&#8221; custom_padding_last_edited=&#8221;on|tablet&#8221; global_colors_info=&#8221;{}&#8221;][\/et_pb_image][\/et_pb_column][\/et_pb_row][\/et_pb_section][et_pb_section fb_built=&#8221;1&#8243; _builder_version=&#8221;4.27.4&#8243; _module_preset=&#8221;default&#8221; background_image=&#8221;https:\/\/tapintowattsbenefits.com\/wp-content\/uploads\/2025\/11\/light-blue-wave-rightBG.png&#8221; background_size=&#8221;initial&#8221; background_position=&#8221;bottom_right&#8221; custom_padding=&#8221;0px||31px||false|false&#8221; background_last_edited=&#8221;on|tablet&#8221; background_enable_image_tablet=&#8221;off&#8221; global_colors_info=&#8221;{}&#8221;][et_pb_row admin_label=&#8221;breadcrumb row&#8221; _builder_version=&#8221;4.27.4&#8243; _module_preset=&#8221;e1858151-6d71-48ac-8f50-8abbdfa4edbd&#8221; global_colors_info=&#8221;{}&#8221;][et_pb_column type=&#8221;4_4&#8243; _builder_version=&#8221;4.27.4&#8243; _module_preset=&#8221;default&#8221; global_colors_info=&#8221;{}&#8221;][dipi_breadcrumbs bc_home_text=&#8221;Home&#8221; bc_home_url=&#8221;\/home\/&#8221; _builder_version=&#8221;4.27.4&#8243; _module_preset=&#8221;fd024781-52d3-492a-b2da-3f55675176c2&#8243; global_colors_info=&#8221;{}&#8221;][\/dipi_breadcrumbs][\/et_pb_column][\/et_pb_row][et_pb_row column_structure=&#8221;2_3,1_3&#8243; gutter_width=&#8221;2&#8243; _builder_version=&#8221;4.27.4&#8243; _module_preset=&#8221;30dcbcd8-c400-48c4-b5bc-3d0cd3ede22d&#8221; global_colors_info=&#8221;{}&#8221;][et_pb_column type=&#8221;2_3&#8243; _builder_version=&#8221;4.27.4&#8243; _module_preset=&#8221;default&#8221; global_colors_info=&#8221;{}&#8221;][et_pb_text _builder_version=&#8221;4.27.4&#8243; _module_preset=&#8221;67c6e9f8-b783-432e-b2a7-23dbf55d99a0&#8243; custom_margin=&#8221;||1em||false|false&#8221; hover_enabled=&#8221;0&#8243; global_colors_info=&#8221;{%22gcid-83d88ffc-2ee5-4bd7-8f17-df9e3be7bf92%22:%91%22header_2_text_color%22%93}&#8221; sticky_enabled=&#8221;0&#8243;]<\/p>\n<h3>Beneficio para la formaci\u00f3n de una familia<\/h3>\n<p class=\"para_b4_list\">Hay muchas formas diferentes de formar una familia. Ahora, independientemente del camino que elijas, hay ayuda disponible:<\/p>\n<ul>\n<li>Reciba hasta $20,000 por vida en asistencia financiera para la adopci\u00f3n o la subrogaci\u00f3n.<\/li>\n<li>Acceda a una red de los mejores especialistas en fertilidad de todo Estados Unidos.<\/li>\n<li>Obtenga apoyo cl\u00ednico y emocional ilimitado de un defensor de la atenci\u00f3n al paciente dedicado.<\/li>\n<li>Reciba hasta dos \u201cciclos inteligentes\u201d para cubrir una variedad de necesidades de fertilidad, como la fertilizaci\u00f3n in vitro, la transferencia de embriones congelados y la congelaci\u00f3n de \u00f3vulos.<\/li>\n<\/ul>\n<p>Todos los empleados regulares a tiempo completo tienen derecho a prestaciones por adopci\u00f3n; los empleados y sus c\u00f3nyuges inscritos en un plan m\u00e9dico de Watts tienen derecho a prestaciones por subrogaci\u00f3n y fertilidad. Algunas prestaciones pueden estar sujetas a impuestos cuando se utilizan.<\/p>\n<h3>Apoyo durante el embarazo y el posparto<span style=\"font-size: 0.7em; position: relative; top: -0.4em;\">*<\/span><\/h3>\n<p class=\"para_b4_list\">Ofrece una amplia gama de apoyo durante el embarazo y despu\u00e9s del parto, como por ejemplo:<\/p>\n<ul>\n<li>Herramientas avanzadas de identificaci\u00f3n de riesgos<\/li>\n<li>Asistencia ilimitada por parte de enfermeras tituladas, asesoras de lactancia y doulas certificadas.<\/li>\n<li>Ayuda para entender las pol\u00edticas y regulaciones sobre permisos<\/li>\n<li>Orientaci\u00f3n sobre prestaciones y planificaci\u00f3n del regreso al trabajo<\/li>\n<\/ul>\n<h3>Bienestar de padres e hijos<\/h3>\n<p class=\"para_b4_list\">\u00danete a una comunidad enriquecedora y obt\u00e9n orientaci\u00f3n experta mientras cr\u00edas a tu hijo desde la primera infancia hasta la adolescencia. Tendr\u00e1s acceso a:<\/p>\n<ul>\n<li>Consultas ilimitadas 1:1 con expertos en bienestar parental.<\/li>\n<li>Ayuda para entender los beneficios y las pol\u00edticas de Watts.<\/li>\n<li>Grupos de apoyo entre pares facilitados por m\u00e9dicos<\/li>\n<li>Contenido autoguiado accesible las 24 horas del d\u00eda, los 7 d\u00edas de la semana.<\/li>\n<\/ul>\n<h3>Red de expertos en menopausia<span style=\"font-size: 0.7em; position: relative; top: -0.4em;\">*<\/span><\/h3>\n<p class=\"para_b4_list\">Reciba asistencia oportuna de proveedores expertos:<\/p>\n<ul>\n<li>Acceda a una red nacional de expertos multidisciplinarios.<\/li>\n<li>Concierte una cita de atenci\u00f3n virtual en cuesti\u00f3n de d\u00edas, no de semanas o meses.<\/li>\n<li>Reciba apoyo sobre estilo de vida en materia de nutrici\u00f3n, peso, disfunci\u00f3n sexual, trastornos del sue\u00f1o y del estado de \u00e1nimo.<\/li>\n<li>Acceda a tratamientos hormonales y no hormonales aprobados por la FDA, as\u00ed como a intervenciones preventivas para la salud mental y las enfermedades cr\u00f3nicas.<\/li>\n<li>Reciba referencias personalizadas para recibir atenci\u00f3n m\u00e9dica dentro de la red.<\/li>\n<\/ul>\n<p>[\/et_pb_text][et_pb_text _builder_version=&#8221;4.27.4&#8243; _module_preset=&#8221;f2aaac7e-0cae-467e-a275-cb251f38fbcc&#8221; locked=&#8221;off&#8221; global_colors_info=&#8221;{}&#8221; hover_enabled=&#8221;0&#8243; sticky_enabled=&#8221;0&#8243;]<\/p>\n<p><span style=\"font-size: 0.9em; position: relative; top: -0.3em;\">*<\/span>Disponible para usted y sus dependientes cuando se inscriban en un plan m\u00e9dico de Watts.<\/p>\n<p>[\/et_pb_text][\/et_pb_column][et_pb_column type=&#8221;1_3&#8243; _builder_version=&#8221;4.27.4&#8243; _module_preset=&#8221;default&#8221; global_colors_info=&#8221;{}&#8221;][et_pb_text _builder_version=&#8221;4.27.4&#8243; _module_preset=&#8221;cb33637c-66db-4a63-90ec-37a5c298c4b2&#8243; global_colors_info=&#8221;{}&#8221;][\/et_pb_text][et_pb_text _builder_version=&#8221;4.27.4&#8243; _module_preset=&#8221;e9f93b42-a546-48f6-9e0a-241859babcb6&#8243; global_colors_info=&#8221;{%22gcid-83d88ffc-2ee5-4bd7-8f17-df9e3be7bf92%22:%91%22header_4_text_color%22,%22link_text_color%22%93}&#8221;]<\/p>\n<h4>Documentos y enlaces<\/h4>\n<ul>\n<li><a href=\"\/es\/documents\/progyny-parenting\/\" target=\"_blank\" rel=\"noopener\">Crianza proginia<\/a> <i class=\"fa-solid fa-file-pdf\"><\/i><\/li>\n<li><a href=\"\/es\/documents\/progyny-menopause-and-midlife-care\/\" target=\"_blank\" rel=\"noopener\">Progyny Menopausia y cuidados para la mediana edad<\/a> <i class=\"fa-solid fa-file-pdf\"><\/i><\/li>\n<li><a href=\"\/es\/documents\/progyny-pregnancy-and-postpartum\/\" target=\"_blank\" rel=\"noopener\">Progyny Embarazo y posparto<\/a> <i class=\"fa-solid fa-file-pdf\"><\/i><\/li>\n<\/ul>\n<h4>Contactos<\/h4>\n<p><img decoding=\"async\" src=\"https:\/\/tapintowattsbenefits.com\/wp-content\/uploads\/2025\/11\/PGNY_BIG.png\" width=\"135\" alt=\"\" class=\"wp-image-145 alignnone size-medium\" \/><\/p>\n<h6>Planificaci\u00f3n familiar<\/h6>\n<p><a href=\"https:\/\/progyny.com\/benefits\" target=\"_blank\" rel=\"noopener\">progyny.com\/beneficios<\/a><i class=\"fa-solid fa-square-arrow-up-right\" style=\"padding-left: 5px; margin-right: 1px;\"><\/i><\/p>\n<p><span>855-902-2777<\/span>[\/et_pb_text][\/et_pb_column][\/et_pb_row][\/et_pb_section]<\/p>","protected":false},"excerpt":{"rendered":"<p>Family Building and Women\u2019s Health Benefits As part of our commitment to employee families, we offer programs through Progyny to help you build and raise your family. There are also programs to support women\u2019s health during and after pregnancy and menopause. <div class=\"et_pb_module dipi_breadcrumbs dipi_breadcrumbs_0\">\n\t\t\t\t\n\t\t\t\t\n\t\t\t\t\n\t\t\t\t\n\t\t\t\t\n\t\t\t\t\n\t\t\t\t<div class=\"et_pb_module_inner\">\n\t\t\t\t\t<div class=\"dipi-breadcrumbs dipi-bc-left\">\n                <ul >\n                    \n                                                        <li  class=\"dipi-breadcrumb-item dipi-breadcrumb-home\">\n\n                        \n                            <a  href=\"\/es\/home\/\">\n                                <span  content=\"Home\">\n                                    <span class=\"et-pb-icon dipi-home-icon\"><\/span>                                    Inicio                                <\/span>\n                            <\/a>\n\n                                                <meta itemprop=\"position\" content=\"1\"\/>                    <\/li>\n\n                    <li class=\"dipi-breadcrumb-separator\">\n                    <span class=\"et-pb-icon dipi-separator-icon\">5<\/span>\n                <\/li>                            \n                <\/ul>\n            <\/div>\n\t\t\t\t<\/div>\n\t\t\t<\/div>Family Building Benefit There are many different ways to [&hellip;]<\/p>","protected":false},"author":2,"featured_media":0,"parent":218,"menu_order":0,"comment_status":"closed","ping_status":"closed","template":"","meta":{"_acf_changed":false,"_et_pb_use_builder":"on","_et_pb_old_content":"","_et_gb_content_width":"","_relevanssi_hide_post":"","_relevanssi_hide_content":"","_relevanssi_pin_for_all":"","_relevanssi_pin_keywords":"","_relevanssi_unpin_keywords":"","_relevanssi_related_keywords":"","_relevanssi_related_include_ids":"","_relevanssi_related_exclude_ids":"","_relevanssi_related_no_append":"","_relevanssi_related_not_related":"","_relevanssi_related_posts":"","_relevanssi_noindex_reason":"","footnotes":""},"dipi_cpt_category":[],"class_list":["post-242","page","type-page","status-publish","hentry"],"acf":[],"_links":{"self":[{"href":"https:\/\/tapintowattsbenefits.com\/es\/wp-json\/wp\/v2\/pages\/242","targetHints":{"allow":["GET"]}}],"collection":[{"href":"https:\/\/tapintowattsbenefits.com\/es\/wp-json\/wp\/v2\/pages"}],"about":[{"href":"https:\/\/tapintowattsbenefits.com\/es\/wp-json\/wp\/v2\/types\/page"}],"author":[{"embeddable":true,"href":"https:\/\/tapintowattsbenefits.com\/es\/wp-json\/wp\/v2\/users\/2"}],"replies":[{"embeddable":true,"href":"https:\/\/tapintowattsbenefits.com\/es\/wp-json\/wp\/v2\/comments?post=242"}],"version-history":[{"count":0,"href":"https:\/\/tapintowattsbenefits.com\/es\/wp-json\/wp\/v2\/pages\/242\/revisions"}],"up":[{"embeddable":true,"href":"https:\/\/tapintowattsbenefits.com\/es\/wp-json\/wp\/v2\/pages\/218"}],"wp:attachment":[{"href":"https:\/\/tapintowattsbenefits.com\/es\/wp-json\/wp\/v2\/media?parent=242"}],"wp:term":[{"taxonomy":"dipi_cpt_category","embeddable":true,"href":"https:\/\/tapintowattsbenefits.com\/es\/wp-json\/wp\/v2\/dipi_cpt_category?post=242"}],"curies":[{"name":"wp","href":"https:\/\/api.w.org\/{rel}","templated":true}]}}